{"id":13,"date":"2024-10-08T16:17:24","date_gmt":"2024-10-08T16:17:24","guid":{"rendered":"https:\/\/balanadrian.ro\/?page_id=13"},"modified":"2025-10-28T08:28:11","modified_gmt":"2025-10-28T08:28:11","slug":"servicii","status":"publish","type":"page","link":"https:\/\/balanadrian.ro\/?page_id=13","title":{"rendered":"Servicii"},"content":{"rendered":"\n<h3 class=\"wp-block-heading\">Servicii oferite:<\/h3>\n\n\n\n<p><\/p>\n\n\n\n<ol class=\"wp-block-list\">\n<li><strong>Interven\u021bii<\/strong> <strong>pentru<\/strong>:\n<ul class=\"wp-block-list\">\n<li>Depresie \u0219i anxietate<\/li>\n\n\n\n<li>Gestionarea ADHD-ului<\/li>\n\n\n\n<li>Suport emo\u021bional pentru persoane LGBTQIA+<\/li>\n\n\n\n<li>Gestionarea traumei \u0219i stresului post-traumatic<\/li>\n\n\n\n<li>Gestionarea disfunc\u021biilor sexuale<\/li>\n<\/ul>\n<\/li>\n\n\n\n<li><strong>Psihoeduca\u021bie<\/strong>:\n<ul class=\"wp-block-list\">\n<li>Educa\u021bie privind gestionarea ADHD-ului, anxiet\u0103\u021bii, depresiei \u0219i traumelor<\/li>\n\n\n\n<li>Informare despre s\u0103n\u0103tatea mental\u0103 pentru persoane LGBTQIA+<\/li>\n\n\n\n<li>Strategii de adaptare \u0219i coping pentru stres \u0219i burnout<\/li>\n<\/ul>\n<\/li>\n\n\n\n<li><strong>Evalu\u0103ri \u0219i test\u0103ri psihologice<\/strong>:\n<ul class=\"wp-block-list\">\n<li><strong>Evaluare ADHD<\/strong>: teste de aten\u021bie \u0219i concentrare, chestionare de autoevaluare \u0219i observa\u021bii clinice<\/li>\n\n\n\n<li><strong>Evaluare pentru depresie \u0219i anxietate<\/strong>: teste standardizate, chestionare clinice \u0219i interviuri semi-structurate<\/li>\n\n\n\n<li><strong>Evaluare pentru traume psihice<\/strong>: chestionare \u0219i interviuri pentru identificarea stresului post-traumatic \u0219i a altor efecte ale traumei<\/li>\n\n\n\n<li><strong>Evaluare a s\u0103n\u0103t\u0103\u021bii mentale generale<\/strong>: inventare \u0219i teste psihometrice pentru diagnosticarea tulbur\u0103rilor de dispozi\u021bie \u0219i anxietate<\/li>\n\n\n\n<li><strong>Evaluare \u0219i raport psihologic<\/strong> pentru <strong>Comisia de Evaluare a Persoanelor Adulte cu Handicap<\/strong><\/li>\n\n\n\n<li><strong>Evaluare \u0219i validare psihologic\u0103 <\/strong>pentru <strong>\u00eenceperea tranzi\u021biei de gen<\/strong><\/li>\n<\/ul>\n<\/li>\n\n\n\n<li><strong>Consiliere pentru afirmarea identit\u0103\u021bii<\/strong>:\n<ul class=\"wp-block-list\">\n<li>Suport emo\u021bional \u0219i psihoeduca\u021bie pentru persoane LGBTQIA+ \u00een procesul de afirmare a identit\u0103\u021bii<\/li>\n<\/ul>\n<\/li>\n\n\n\n<li><strong>Psihoeduca\u021bie \u0219i training pentru familii \u0219i parteneri<\/strong>:\n<ul class=\"wp-block-list\">\n<li>Educa\u021bie pentru sus\u021binerea persoanelor cu ADHD<\/li>\n\n\n\n<li>Informarea partenerilor sau familiilor despre impactul depresiei, anxiet\u0103\u021bii sau traumelor asupra rela\u021biilor<\/li>\n<\/ul>\n<\/li>\n\n\n\n<li><strong>Interven\u021bie \u00een criz\u0103<\/strong>:\n<ul class=\"wp-block-list\">\n<li>Suport pentru prevenirea suicidului<\/li>\n\n\n\n<li>Gestionarea episoadelor de criz\u0103 emo\u021bional\u0103<\/li>\n<\/ul>\n<\/li>\n<\/ol>\n","protected":false},"excerpt":{"rendered":"<p>Servicii oferite:<\/p>\n","protected":false},"author":1,"featured_media":0,"parent":0,"menu_order":0,"comment_status":"closed","ping_status":"closed","template":"","meta":{"footnotes":""},"class_list":["post-13","page","type-page","status-publish","hentry"],"_links":{"self":[{"href":"https:\/\/balanadrian.ro\/index.php?rest_route=\/wp\/v2\/pages\/13","targetHints":{"allow":["GET"]}}],"collection":[{"href":"https:\/\/balanadrian.ro\/index.php?rest_route=\/wp\/v2\/pages"}],"about":[{"href":"https:\/\/balanadrian.ro\/index.php?rest_route=\/wp\/v2\/types\/page"}],"author":[{"embeddable":true,"href":"https:\/\/balanadrian.ro\/index.php?rest_route=\/wp\/v2\/users\/1"}],"replies":[{"embeddable":true,"href":"https:\/\/balanadrian.ro\/index.php?rest_route=%2Fwp%2Fv2%2Fcomments&post=13"}],"version-history":[{"count":4,"href":"https:\/\/balanadrian.ro\/index.php?rest_route=\/wp\/v2\/pages\/13\/revisions"}],"predecessor-version":[{"id":187,"href":"https:\/\/balanadrian.ro\/index.php?rest_route=\/wp\/v2\/pages\/13\/revisions\/187"}],"wp:attachment":[{"href":"https:\/\/balanadrian.ro\/index.php?rest_route=%2Fwp%2Fv2%2Fmedia&parent=13"}],"curies":[{"name":"wp","href":"https:\/\/api.w.org\/{rel}","templated":true}]}}