{"id":6,"date":"2024-08-28T16:00:47","date_gmt":"2024-08-28T16:00:47","guid":{"rendered":"https:\/\/balanadrian.ro\/?page_id=6"},"modified":"2025-11-26T11:40:01","modified_gmt":"2025-11-26T11:40:01","slug":"contact","status":"publish","type":"page","link":"https:\/\/balanadrian.ro\/?page_id=6","title":{"rendered":"Contact"},"content":{"rendered":"\n<p class=\"has-text-align-center has-large-font-size\">Pentru informa\u021bii suplimentare, discu\u021bii preliminare sau programarea unei consulta\u021bii, v\u0103 invit s\u0103 m\u0103 contacta\u021bi telefonic sau pe WhatsApp la num\u0103rul afi\u0219at mai jos. <\/p>\n\n\n\n<p class=\"has-text-align-center has-large-font-size\">Sunt aici pentru a v\u0103 oferi suport \u0219i pentru a r\u0103spunde tuturor \u00eentreb\u0103rilor dumneavoastr\u0103.<\/p>\n\n\n\n<p class=\"has-text-align-center has-larger-font-size\"><strong><a href=\"tel:+40720754920\">0720 754 920<\/a><\/strong><\/p>\n\n\n\n<p class=\"has-text-align-center has-large-font-size\"><a href=\"https:\/\/maps.app.goo.gl\/3WaK1koGQKewKpVF6\"><strong>Adresa cabinetului &#8211; Strada Aristide Demetriade nr 1\/3, Timi\u0219oara<\/strong><\/a><\/p>\n\n\n\n<p><\/p>\n","protected":false},"excerpt":{"rendered":"<p>Pentru informa\u021bii suplimentare, discu\u021bii preliminare sau programarea unei consulta\u021bii, v\u0103 invit s\u0103 m\u0103 contacta\u021bi telefonic sau pe WhatsApp la num\u0103rul afi\u0219at mai jos. Sunt aici &hellip;<\/p>\n","protected":false},"author":1,"featured_media":0,"parent":0,"menu_order":0,"comment_status":"closed","ping_status":"closed","template":"","meta":{"footnotes":""},"class_list":["post-6","page","type-page","status-publish","hentry"],"_links":{"self":[{"href":"https:\/\/balanadrian.ro\/index.php?rest_route=\/wp\/v2\/pages\/6","targetHints":{"allow":["GET"]}}],"collection":[{"href":"https:\/\/balanadrian.ro\/index.php?rest_route=\/wp\/v2\/pages"}],"about":[{"href":"https:\/\/balanadrian.ro\/index.php?rest_route=\/wp\/v2\/types\/page"}],"author":[{"embeddable":true,"href":"https:\/\/balanadrian.ro\/index.php?rest_route=\/wp\/v2\/users\/1"}],"replies":[{"embeddable":true,"href":"https:\/\/balanadrian.ro\/index.php?rest_route=%2Fwp%2Fv2%2Fcomments&post=6"}],"version-history":[{"count":17,"href":"https:\/\/balanadrian.ro\/index.php?rest_route=\/wp\/v2\/pages\/6\/revisions"}],"predecessor-version":[{"id":273,"href":"https:\/\/balanadrian.ro\/index.php?rest_route=\/wp\/v2\/pages\/6\/revisions\/273"}],"wp:attachment":[{"href":"https:\/\/balanadrian.ro\/index.php?rest_route=%2Fwp%2Fv2%2Fmedia&parent=6"}],"curies":[{"name":"wp","href":"https:\/\/api.w.org\/{rel}","templated":true}]}}