{"id":92,"date":"2024-10-20T16:34:50","date_gmt":"2024-10-20T16:34:50","guid":{"rendered":"https:\/\/balanadrian.ro\/?page_id=92"},"modified":"2026-01-16T17:46:02","modified_gmt":"2026-01-16T17:46:02","slug":"adrian-balan","status":"publish","type":"page","link":"https:\/\/balanadrian.ro\/","title":{"rendered":""},"content":{"rendered":"\n<pre class=\"wp-block-verse has-text-align-center has-sitebg-background-color has-text-color has-background has-link-color has-normal-font-size wp-elements-82cdc37c090e0049b08b1d1becabd929\" style=\"color:#006a84;font-style:italic;font-weight:200\"><br>\u201d\u00cel recomand cu tot dragul pe domnul psiholog Adrian! Este un om minunat, eman\u0103 \u00eencredere \u0219i este de o empatie cum rar g\u0103se\u0219ti! <br>Mul\u021bumesc!\u201d<br><br>C.C.<br>_________________<br><br>\u201d\u00cel recomand cu \u00eencredere pe domnul psiholog Adrian B\u0103lan, un psiholog empatic \u0219i profesionist. M-am sim\u021bit confortabil\u0103 \u0219i \u00een\u021beleas\u0103 \u00eenc\u0103 de la prima \u0219edin\u021b\u0103. Creeaz\u0103 un spa\u021biu sigur \u0219i deschis, \u00een care este u\u0219or s\u0103 vorbe\u0219ti, lipsit de judecat\u0103. \u00cel recomand cu mare \u00eencredere, \u00een special persoanelor tinere care \u00ee\u0219i doresc un terapeut cu care s\u0103 rezoneze u\u0219or \u0219i s\u0103 se simt\u0103 \u00een largul lor.\u201d<br><br>S.T.<br>_________________<br><br>\u201d\u00cel recomand cu toat\u0103 \u00eencrederea pe domnul psiholog Adrian B\u0103lan. \u00cent\u00e2lnirile cu acesta m-au ajutat enorm s\u0103 m\u0103 \u00een\u021beleg mai bine \u0219i s\u0103 m\u0103 accept a\u0219a cum sunt. Are o prezen\u021b\u0103 calm\u0103 \u0219i cald\u0103, care m\u0103 face s\u0103 m\u0103 simt \u00een siguran\u021b\u0103 \u0219i s\u0103 m\u0103 pot relaxa cu adev\u0103rat \u00een timpul \u0219edin\u021belor. Discu\u021biile decurg mereu firesc, f\u0103r\u0103 presiune, iar modul \u00een care m\u0103 ascult\u0103 \u0219i m\u0103 ghideaz\u0103 m\u0103 ajut\u0103 s\u0103 m\u0103 deschid tot mai mult \u0219i s\u0103-mi procesez emo\u021biile mai u\u0219or. Este un profesionist empatic \u0219i atent, care ofer\u0103 sprijin real \u0219i autentic \u00eentr-un mod bl\u00e2nd \u0219i \u00eencurajator.\u201d<br><br>I.D.<br>_________________<br><br>\u201d\u00cel recomand cu cel mai mare drag pe domnul psiholog Adrian B\u0103lan. Am fost extrem de surprins at\u00e2t de fluiditatea cu care decurge dialogul, c\u00e2t \u0219i de modul calm \u0219i profesionist \u00een care Adrian m\u0103 ajut\u0103 s\u0103-mi reevaluez experien\u021bele. Cu alte cuvinte, un om fain cu care chiar sim\u021bi c\u0103 po\u021bi vorbi liber despre absolut orice \u2014 un prieten care \u00ee\u021bi ofer\u0103 feedback specializat\u201d<br><br>P.R.<br>_________________<br><br>\u201dAm avut o experien\u021b\u0103 foarte bun\u0103 cu domnul psiholog Adrian B\u0103lan. Este un om calm, r\u0103bd\u0103tor \u0219i empatic. M-a ajutat s\u0103 \u00een\u021beleg mai bine ce simt \u0219i de ce reac\u021bionez \u00eentr-un anumit fel. \u00cen \u0219edin\u021be m-am sim\u021bit ascultat\u0103 \u0219i \u00een siguran\u021b\u0103. Explic\u0103 lucrurile clar \u0219i te ajut\u0103 s\u0103 g\u0103se\u0219ti solu\u021bii practice pentru problemele tale. Recomand cu \u00eencredere oricui are nevoie de sprijin emo\u021bional \u0219i de claritate \u00een via\u021b\u0103. Recomand cu toat\u0103 \u00eencrederea!\u201d<br><br>D.A.<br>_________________<br><br>\u201d\u00cei sunt foarte recunosc\u0103toare domnului psiholog Adrian B\u0103lan pentru profesionalismul de care a dat dovad\u0103 la fiecare \u0219edin\u021b\u0103. Datorit\u0103 lui, am ajuns s\u0103 m\u0103 \u00een\u021beleg mai bine, s\u0103 fiu mai bl\u00e2nd\u0103 cu mine \u0219i s\u0103 fac pa\u0219i reali spre echilibru. Fiecare \u00eent\u00e2lnire mi-a adus mai mult\u0103 claritate \u0219i \u00eencredere, iar felul lui de a m\u0103 ghida m-a ajutat s\u0103 privesc lucrurile dintr-o perspectiv\u0103 nou\u0103. Am \u00eenv\u0103\u021bat s\u0103 m\u0103 accept, s\u0103 fiu mai r\u0103bd\u0103toare cu mine \u00eens\u0103mi \u0219i s\u0103 apreciez fiecare mic progres pe care \u00eel fac. Sprijinul lui constant a f\u0103cut ca \u00eentreaga c\u0103l\u0103torie s\u0103 fie mai u\u0219oar\u0103 \u0219i mai plin\u0103 de speran\u021b\u0103.\u201d<br><br>T.A.<\/pre>\n\n\n\n<blockquote class=\"wp-block-quote is-layout-flow wp-block-quote-is-layout-flow\">\n<p><\/p>\n<\/blockquote>\n\n\n\n<p><\/p>\n","protected":false},"excerpt":{"rendered":"<p>\u201d\u00cel recomand cu tot dragul pe domnul psiholog Adrian! Este un om minunat, eman\u0103 \u00eencredere \u0219i este de o empatie cum rar g\u0103se\u0219ti! Mul\u021bumesc!\u201dC.C._________________\u201d\u00cel recomand &hellip;<\/p>\n","protected":false},"author":1,"featured_media":0,"parent":0,"menu_order":0,"comment_status":"closed","ping_status":"closed","template":"","meta":{"footnotes":""},"class_list":["post-92","page","type-page","status-publish","hentry"],"_links":{"self":[{"href":"https:\/\/balanadrian.ro\/index.php?rest_route=\/wp\/v2\/pages\/92","targetHints":{"allow":["GET"]}}],"collection":[{"href":"https:\/\/balanadrian.ro\/index.php?rest_route=\/wp\/v2\/pages"}],"about":[{"href":"https:\/\/balanadrian.ro\/index.php?rest_route=\/wp\/v2\/types\/page"}],"author":[{"embeddable":true,"href":"https:\/\/balanadrian.ro\/index.php?rest_route=\/wp\/v2\/users\/1"}],"replies":[{"embeddable":true,"href":"https:\/\/balanadrian.ro\/index.php?rest_route=%2Fwp%2Fv2%2Fcomments&post=92"}],"version-history":[{"count":25,"href":"https:\/\/balanadrian.ro\/index.php?rest_route=\/wp\/v2\/pages\/92\/revisions"}],"predecessor-version":[{"id":341,"href":"https:\/\/balanadrian.ro\/index.php?rest_route=\/wp\/v2\/pages\/92\/revisions\/341"}],"wp:attachment":[{"href":"https:\/\/balanadrian.ro\/index.php?rest_route=%2Fwp%2Fv2%2Fmedia&parent=92"}],"curies":[{"name":"wp","href":"https:\/\/api.w.org\/{rel}","templated":true}]}}